{"id":557,"date":"2020-10-05T22:01:17","date_gmt":"2020-10-05T22:01:17","guid":{"rendered":"http:\/\/santatienda.cl\/Home\/?page_id=557"},"modified":"2020-10-05T22:29:08","modified_gmt":"2020-10-05T22:29:08","slug":"reportajes","status":"publish","type":"page","link":"https:\/\/santatienda.cl\/Home\/index.php\/reportajes\/","title":{"rendered":"Reportajes"},"content":{"rendered":"\n<p><\/p>\n\n\n<ul class=\"wp-block-latest-posts__list is-grid columns-2 wp-block-latest-posts\"><li><div class=\"wp-block-latest-posts__featured-image\"><img width=\"640\" height=\"427\" src=\"https:\/\/santatienda.cl\/Home\/wp-content\/uploads\/2020\/10\/Zaranda-1-2-1024x683.jpg\" class=\"attachment-large size-large wp-post-image\" alt=\"\" loading=\"lazy\" style=\"\" srcset=\"https:\/\/santatienda.cl\/Home\/wp-content\/uploads\/2020\/10\/Zaranda-1-2-1024x683.jpg 1024w, https:\/\/santatienda.cl\/Home\/wp-content\/uploads\/2020\/10\/Zaranda-1-2-300x200.jpg 300w, https:\/\/santatienda.cl\/Home\/wp-content\/uploads\/2020\/10\/Zaranda-1-2-768x512.jpg 768w, https:\/\/santatienda.cl\/Home\/wp-content\/uploads\/2020\/10\/Zaranda-1-2-150x100.jpg 150w, https:\/\/santatienda.cl\/Home\/wp-content\/uploads\/2020\/10\/Zaranda-1-2-200x133.jpg 200w, https:\/\/santatienda.cl\/Home\/wp-content\/uploads\/2020\/10\/Zaranda-1-2-250x166.jpg 250w, https:\/\/santatienda.cl\/Home\/wp-content\/uploads\/2020\/10\/Zaranda-1-2-1536x1024.jpg 1536w, https:\/\/santatienda.cl\/Home\/wp-content\/uploads\/2020\/10\/Zaranda-1-2-2048x1365.jpg 2048w\" sizes=\"(max-width: 640px) 100vw, 640px\" \/><\/div><a href=\"https:\/\/santatienda.cl\/Home\/index.php\/2020\/10\/22\/zaranda-historia-y-tradicion-de-uno-de-los-terroirs-mas-bellos-de-chile\/\">Zaranda: Historia y tradici\u00f3n de uno de los Terroirs m\u00e1s bellos de Chile<\/a><div class=\"wp-block-latest-posts__post-excerpt\">22 de Octubre, 2020 Reportaje realizado por Vale Rudolphy Desde el comienzo de la historia, el vino ha estado presente. Los relatos m\u00e1s antiguos hablan de este compa\u00f1ero de expediciones, de fiestas, compa\u00f1ero de vida. El Chile colonizado se sum\u00f3 a este amor\u00edo, al comienzo en peque\u00f1os predios, algunas cosechas familiares que [&hellip;]<\/div><\/li>\n<li><div class=\"wp-block-latest-posts__featured-image\"><img width=\"640\" height=\"512\" src=\"https:\/\/santatienda.cl\/Home\/wp-content\/uploads\/2020\/10\/NARBONAOWINES-9-1024x819.jpg\" class=\"attachment-large size-large wp-post-image\" alt=\"\" loading=\"lazy\" style=\"\" srcset=\"https:\/\/santatienda.cl\/Home\/wp-content\/uploads\/2020\/10\/NARBONAOWINES-9-1024x819.jpg 1024w, https:\/\/santatienda.cl\/Home\/wp-content\/uploads\/2020\/10\/NARBONAOWINES-9-300x240.jpg 300w, https:\/\/santatienda.cl\/Home\/wp-content\/uploads\/2020\/10\/NARBONAOWINES-9-768x614.jpg 768w\" sizes=\"(max-width: 640px) 100vw, 640px\" \/><\/div><a href=\"https:\/\/santatienda.cl\/Home\/index.php\/2020\/10\/05\/pedro-narbona-de-narbona-wines-para-mi-el-mercado-mas-importante-es-el-chileno\/\">Pedro Narbona, de Narbona Wines: \u201cPara m\u00ed el mercado m\u00e1s importante es el chileno\u201d<\/a><div class=\"wp-block-latest-posts__post-excerpt\">05 de Octubre, 2020 Reportaje realizado por Vale Rudolphy En la Provincia de Quillota, donde usualmente no se encuentran vi\u00f1as en los alrededores, existe un rinc\u00f3n escondido que a\u00fan est\u00e1 creciendo y representa el mundo vitivin\u00edcola. Se trata de Narbona Wines, quienes &#8211; literalmente &#8211; desde la Quebrada del Aj\u00ed van creciendo. [&hellip;]<\/div><\/li>\n<li><div class=\"wp-block-latest-posts__featured-image\"><img width=\"640\" height=\"321\" src=\"https:\/\/santatienda.cl\/Home\/wp-content\/uploads\/2020\/07\/nuryydani-1024x513-1024x513.jpg\" class=\"attachment-large size-large wp-post-image\" alt=\"\" loading=\"lazy\" style=\"\" srcset=\"https:\/\/santatienda.cl\/Home\/wp-content\/uploads\/2020\/07\/nuryydani-1024x513.jpg 1024w, https:\/\/santatienda.cl\/Home\/wp-content\/uploads\/2020\/07\/nuryydani-1024x513-300x150.jpg 300w, https:\/\/santatienda.cl\/Home\/wp-content\/uploads\/2020\/07\/nuryydani-1024x513-768x385.jpg 768w\" sizes=\"(max-width: 640px) 100vw, 640px\" \/><\/div><a href=\"https:\/\/santatienda.cl\/Home\/index.php\/2020\/07\/11\/reportaje\/\">SANTA TIENDA: Brindando por el \u00e9xito<\/a><div class=\"wp-block-latest-posts__post-excerpt\">Reportaje realizado por Revista R\u00faa Chile septiembre 3, 2020 Han pasado casi cinco a\u00f1os desde que Nury Gahona y Daniel Rojo partieron con un sue\u00f1o que los ha llevado a conocer, aprender, apoyar y creer. Cuando abrieron Santa Tienda el objetivo era ser un peque\u00f1o oasis donde sus vecinos encontraran de todo [&hellip;]<\/div><\/li>\n<li><div class=\"wp-block-latest-posts__featured-image\"><img width=\"640\" height=\"640\" src=\"https:\/\/santatienda.cl\/Home\/wp-content\/uploads\/2018\/04\/rui.jpg\" class=\"attachment-large size-large wp-post-image\" alt=\"\" loading=\"lazy\" style=\"\" srcset=\"https:\/\/santatienda.cl\/Home\/wp-content\/uploads\/2018\/04\/rui.jpg 960w, https:\/\/santatienda.cl\/Home\/wp-content\/uploads\/2018\/04\/rui-150x150.jpg 150w, https:\/\/santatienda.cl\/Home\/wp-content\/uploads\/2018\/04\/rui-300x300.jpg 300w, https:\/\/santatienda.cl\/Home\/wp-content\/uploads\/2018\/04\/rui-768x768.jpg 768w, https:\/\/santatienda.cl\/Home\/wp-content\/uploads\/2018\/04\/rui-100x100.jpg 100w, https:\/\/santatienda.cl\/Home\/wp-content\/uploads\/2018\/04\/rui-200x200.jpg 200w\" sizes=\"(max-width: 640px) 100vw, 640px\" \/><\/div><a href=\"https:\/\/santatienda.cl\/Home\/index.php\/2018\/04\/30\/rui-sparkling-wines-un-espumante-con-aromas-y-texturas-nuevas-por-descubrir\/\">RUI Sparkling Wines: Un espumante con aromas y texturas nuevas por descubrir.<\/a><div class=\"wp-block-latest-posts__post-excerpt\">Por: Vale Rudolphy Imagina esto: el sur de Chile. Frutillar, Puerto Varas, alrededores. Ese viento fresco que permiten esas tierras de r\u00edos y lagos. La humedad en el ambiente, esa humedad que est\u00e1 impregnada en la tierra por las lluvias y su frescura. Verde, mucho verde. Y en medio de todo esto, [&hellip;]<\/div><\/li>\n<li><div class=\"wp-block-latest-posts__featured-image\"><img width=\"600\" height=\"400\" src=\"https:\/\/santatienda.cl\/Home\/wp-content\/uploads\/2017\/08\/91699987-300x200-1.jpg\" class=\"attachment-large size-large wp-post-image\" alt=\"\" loading=\"lazy\" style=\"\" srcset=\"https:\/\/santatienda.cl\/Home\/wp-content\/uploads\/2017\/08\/91699987-300x200-1.jpg 600w, https:\/\/santatienda.cl\/Home\/wp-content\/uploads\/2017\/08\/91699987-300x200-1-300x200.jpg 300w, https:\/\/santatienda.cl\/Home\/wp-content\/uploads\/2017\/08\/91699987-300x200-1-150x100.jpg 150w, https:\/\/santatienda.cl\/Home\/wp-content\/uploads\/2017\/08\/91699987-300x200-1-200x133.jpg 200w, https:\/\/santatienda.cl\/Home\/wp-content\/uploads\/2017\/08\/91699987-300x200-1-250x166.jpg 250w\" sizes=\"(max-width: 600px) 100vw, 600px\" \/><\/div><a href=\"https:\/\/santatienda.cl\/Home\/index.php\/2017\/08\/24\/vinoypiel\/\">Vino tinto cuida tu piel en invierno<\/a><div class=\"wp-block-latest-posts__post-excerpt\">El fr\u00edo del invierno puede afectar nuestra&nbsp;piel&nbsp;y deslucir la belleza del cutis, opac\u00e1ndolo y avejent\u00e1ndolo. La humedad, el viento, los cambios bruscos de temperatura y la resequedad, son algunos de los motivos por los cuales nuestra&nbsp;piel&nbsp;sufre. Por lo que debemos aprender a cuidarla como la cuidamos de los rayos solares durante el [&hellip;]<\/div><\/li>\n<\/ul>","protected":false},"excerpt":{"rendered":"","protected":false},"author":1,"featured_media":0,"parent":0,"menu_order":0,"comment_status":"closed","ping_status":"closed","template":"","meta":[],"yoast_head":"<!-- This site is optimized with the Yoast SEO plugin v15.5 - https:\/\/yoast.com\/wordpress\/plugins\/seo\/ -->\n<title>Reportajes - Santa Tienda<\/title>\n<meta name=\"robots\" content=\"index, follow, max-snippet:-1, max-image-preview:large, max-video-preview:-1\" \/>\n<link rel=\"canonical\" href=\"https:\/\/santatienda.cl\/Home\/index.php\/reportajes\/\" \/>\n<meta property=\"og:locale\" content=\"es_ES\" \/>\n<meta property=\"og:type\" content=\"article\" \/>\n<meta property=\"og:title\" content=\"Reportajes - Santa Tienda\" \/>\n<meta property=\"og:url\" content=\"https:\/\/santatienda.cl\/Home\/index.php\/reportajes\/\" \/>\n<meta property=\"og:site_name\" content=\"Santa Tienda\" \/>\n<meta property=\"article:modified_time\" content=\"2020-10-05T22:29:08+00:00\" \/>\n<meta name=\"twitter:card\" content=\"summary_large_image\" \/>\n<meta name=\"twitter:label1\" content=\"Est. reading time\">\n\t<meta name=\"twitter:data1\" content=\"0 minutos\">\n<script type=\"application\/ld+json\" class=\"yoast-schema-graph\">{\"@context\":\"https:\/\/schema.org\",\"@graph\":[{\"@type\":\"WebSite\",\"@id\":\"https:\/\/santatienda.cl\/Home\/#website\",\"url\":\"https:\/\/santatienda.cl\/Home\/\",\"name\":\"Santa Tienda\",\"description\":\"Tienda &amp; Delivery | PARA\\u00cdSO GOURMET\",\"potentialAction\":[{\"@type\":\"SearchAction\",\"target\":\"https:\/\/santatienda.cl\/Home\/?s={search_term_string}\",\"query-input\":\"required name=search_term_string\"}],\"inLanguage\":\"es-CL\"},{\"@type\":\"WebPage\",\"@id\":\"https:\/\/santatienda.cl\/Home\/index.php\/reportajes\/#webpage\",\"url\":\"https:\/\/santatienda.cl\/Home\/index.php\/reportajes\/\",\"name\":\"Reportajes - Santa Tienda\",\"isPartOf\":{\"@id\":\"https:\/\/santatienda.cl\/Home\/#website\"},\"datePublished\":\"2020-10-05T22:01:17+00:00\",\"dateModified\":\"2020-10-05T22:29:08+00:00\",\"inLanguage\":\"es-CL\",\"potentialAction\":[{\"@type\":\"ReadAction\",\"target\":[\"https:\/\/santatienda.cl\/Home\/index.php\/reportajes\/\"]}]}]}<\/script>\n<!-- \/ Yoast SEO plugin. -->","_links":{"self":[{"href":"https:\/\/santatienda.cl\/Home\/index.php\/wp-json\/wp\/v2\/pages\/557"}],"collection":[{"href":"https:\/\/santatienda.cl\/Home\/index.php\/wp-json\/wp\/v2\/pages"}],"about":[{"href":"https:\/\/santatienda.cl\/Home\/index.php\/wp-json\/wp\/v2\/types\/page"}],"author":[{"embeddable":true,"href":"https:\/\/santatienda.cl\/Home\/index.php\/wp-json\/wp\/v2\/users\/1"}],"replies":[{"embeddable":true,"href":"https:\/\/santatienda.cl\/Home\/index.php\/wp-json\/wp\/v2\/comments?post=557"}],"version-history":[{"count":8,"href":"https:\/\/santatienda.cl\/Home\/index.php\/wp-json\/wp\/v2\/pages\/557\/revisions"}],"predecessor-version":[{"id":575,"href":"https:\/\/santatienda.cl\/Home\/index.php\/wp-json\/wp\/v2\/pages\/557\/revisions\/575"}],"wp:attachment":[{"href":"https:\/\/santatienda.cl\/Home\/index.php\/wp-json\/wp\/v2\/media?parent=557"}],"curies":[{"name":"wp","href":"https:\/\/api.w.org\/{rel}","templated":true}]}}