{"id":490,"date":"2020-08-03T21:52:12","date_gmt":"2020-08-03T21:52:12","guid":{"rendered":"http:\/\/santatienda.cl\/Home\/?page_id=490"},"modified":"2020-08-03T21:52:12","modified_gmt":"2020-08-03T21:52:12","slug":"enoturismo","status":"publish","type":"page","link":"https:\/\/santatienda.cl\/Home\/index.php\/enoturismo\/","title":{"rendered":"Enoturismo"},"content":{"rendered":"<p>Como parte de nuestra misi\u00f3n, en especial durante el verano generamos instancias especiales. En alianza con los\u00a0vi\u00f1ateros con quienes trabajamos, organizamos tours enfocados en la degustaci\u00f3n y maridaje, y la cultura vitivin\u00edcola del Valle del Itata. Actividades familiares de todo un d\u00eda, para profundizar en este patrimonio\u00a0gastron\u00f3mico y fortalecer lazos con nuestros clientes.<\/p>\n<p><a href=\"http:\/\/santatienda.cl\/Home\/wp-content\/uploads\/2020\/08\/enoturismo2.jpg\"><img loading=\"lazy\" class=\"alignnone size-full wp-image-492\" src=\"http:\/\/santatienda.cl\/Home\/wp-content\/uploads\/2020\/08\/enoturismo2.jpg\" alt=\"\" width=\"1024\" height=\"593\" srcset=\"https:\/\/santatienda.cl\/Home\/wp-content\/uploads\/2020\/08\/enoturismo2.jpg 1024w, https:\/\/santatienda.cl\/Home\/wp-content\/uploads\/2020\/08\/enoturismo2-300x174.jpg 300w, https:\/\/santatienda.cl\/Home\/wp-content\/uploads\/2020\/08\/enoturismo2-768x445.jpg 768w\" sizes=\"(max-width: 1024px) 100vw, 1024px\" \/><\/a> <a href=\"http:\/\/santatienda.cl\/Home\/wp-content\/uploads\/2020\/08\/enoturismo1.jpg\"><img loading=\"lazy\" class=\"alignnone size-full wp-image-491\" src=\"http:\/\/santatienda.cl\/Home\/wp-content\/uploads\/2020\/08\/enoturismo1.jpg\" alt=\"\" width=\"977\" height=\"600\" srcset=\"https:\/\/santatienda.cl\/Home\/wp-content\/uploads\/2020\/08\/enoturismo1.jpg 977w, https:\/\/santatienda.cl\/Home\/wp-content\/uploads\/2020\/08\/enoturismo1-300x184.jpg 300w, https:\/\/santatienda.cl\/Home\/wp-content\/uploads\/2020\/08\/enoturismo1-768x472.jpg 768w\" sizes=\"(max-width: 977px) 100vw, 977px\" \/><\/a><\/p>\n","protected":false},"excerpt":{"rendered":"<p>Como parte de nuestra misi\u00f3n, en especial durante el verano generamos instancias especiales. En alianza con los\u00a0vi\u00f1ateros con quienes trabajamos, organizamos tours enfocados en la degustaci\u00f3n y maridaje, y la cultura vitivin\u00edcola del Valle del Itata. Actividades familiares de todo un d\u00eda, para profundizar en este patrimonio\u00a0gastron\u00f3mico y fortalecer lazos con nuestros clientes.<\/p>\n","protected":false},"author":1,"featured_media":0,"parent":0,"menu_order":0,"comment_status":"closed","ping_status":"closed","template":"","meta":[],"yoast_head":"<!-- This site is optimized with the Yoast SEO plugin v15.5 - https:\/\/yoast.com\/wordpress\/plugins\/seo\/ -->\n<title>Enoturismo - Santa Tienda<\/title>\n<meta name=\"robots\" content=\"index, follow, max-snippet:-1, max-image-preview:large, max-video-preview:-1\" \/>\n<link rel=\"canonical\" href=\"https:\/\/santatienda.cl\/Home\/index.php\/enoturismo\/\" \/>\n<meta property=\"og:locale\" content=\"es_ES\" \/>\n<meta property=\"og:type\" content=\"article\" \/>\n<meta property=\"og:title\" content=\"Enoturismo - Santa Tienda\" \/>\n<meta property=\"og:description\" content=\"Como parte de nuestra misi\u00f3n, en especial durante el verano generamos instancias especiales. En alianza con los\u00a0vi\u00f1ateros con quienes trabajamos, organizamos tours enfocados en la degustaci\u00f3n y maridaje, y la cultura vitivin\u00edcola del Valle del Itata. Actividades familiares de todo un d\u00eda, para profundizar en este patrimonio\u00a0gastron\u00f3mico y fortalecer lazos con nuestros clientes.\" \/>\n<meta property=\"og:url\" content=\"https:\/\/santatienda.cl\/Home\/index.php\/enoturismo\/\" \/>\n<meta property=\"og:site_name\" content=\"Santa Tienda\" \/>\n<meta property=\"og:image\" content=\"http:\/\/santatienda.cl\/Home\/wp-content\/uploads\/2020\/08\/enoturismo2.jpg\" \/>\n<meta name=\"twitter:card\" content=\"summary_large_image\" \/>\n<meta name=\"twitter:label1\" content=\"Est. reading time\">\n\t<meta name=\"twitter:data1\" content=\"0 minutos\">\n<script type=\"application\/ld+json\" class=\"yoast-schema-graph\">{\"@context\":\"https:\/\/schema.org\",\"@graph\":[{\"@type\":\"WebSite\",\"@id\":\"https:\/\/santatienda.cl\/Home\/#website\",\"url\":\"https:\/\/santatienda.cl\/Home\/\",\"name\":\"Santa Tienda\",\"description\":\"Tienda &amp; Delivery | PARA\\u00cdSO GOURMET\",\"potentialAction\":[{\"@type\":\"SearchAction\",\"target\":\"https:\/\/santatienda.cl\/Home\/?s={search_term_string}\",\"query-input\":\"required name=search_term_string\"}],\"inLanguage\":\"es-CL\"},{\"@type\":\"ImageObject\",\"@id\":\"https:\/\/santatienda.cl\/Home\/index.php\/enoturismo\/#primaryimage\",\"inLanguage\":\"es-CL\",\"url\":\"http:\/\/santatienda.cl\/Home\/wp-content\/uploads\/2020\/08\/enoturismo2.jpg\"},{\"@type\":\"WebPage\",\"@id\":\"https:\/\/santatienda.cl\/Home\/index.php\/enoturismo\/#webpage\",\"url\":\"https:\/\/santatienda.cl\/Home\/index.php\/enoturismo\/\",\"name\":\"Enoturismo - Santa Tienda\",\"isPartOf\":{\"@id\":\"https:\/\/santatienda.cl\/Home\/#website\"},\"primaryImageOfPage\":{\"@id\":\"https:\/\/santatienda.cl\/Home\/index.php\/enoturismo\/#primaryimage\"},\"datePublished\":\"2020-08-03T21:52:12+00:00\",\"dateModified\":\"2020-08-03T21:52:12+00:00\",\"inLanguage\":\"es-CL\",\"potentialAction\":[{\"@type\":\"ReadAction\",\"target\":[\"https:\/\/santatienda.cl\/Home\/index.php\/enoturismo\/\"]}]}]}<\/script>\n<!-- \/ Yoast SEO plugin. -->","_links":{"self":[{"href":"https:\/\/santatienda.cl\/Home\/index.php\/wp-json\/wp\/v2\/pages\/490"}],"collection":[{"href":"https:\/\/santatienda.cl\/Home\/index.php\/wp-json\/wp\/v2\/pages"}],"about":[{"href":"https:\/\/santatienda.cl\/Home\/index.php\/wp-json\/wp\/v2\/types\/page"}],"author":[{"embeddable":true,"href":"https:\/\/santatienda.cl\/Home\/index.php\/wp-json\/wp\/v2\/users\/1"}],"replies":[{"embeddable":true,"href":"https:\/\/santatienda.cl\/Home\/index.php\/wp-json\/wp\/v2\/comments?post=490"}],"version-history":[{"count":1,"href":"https:\/\/santatienda.cl\/Home\/index.php\/wp-json\/wp\/v2\/pages\/490\/revisions"}],"predecessor-version":[{"id":493,"href":"https:\/\/santatienda.cl\/Home\/index.php\/wp-json\/wp\/v2\/pages\/490\/revisions\/493"}],"wp:attachment":[{"href":"https:\/\/santatienda.cl\/Home\/index.php\/wp-json\/wp\/v2\/media?parent=490"}],"curies":[{"name":"wp","href":"https:\/\/api.w.org\/{rel}","templated":true}]}}