{"id":36,"date":"2017-08-24T04:09:01","date_gmt":"2017-08-24T04:09:01","guid":{"rendered":"http:\/\/santatienda.cl\/Home\/?page_id=36"},"modified":"2020-10-05T17:15:37","modified_gmt":"2020-10-05T17:15:37","slug":"catas","status":"publish","type":"page","link":"https:\/\/santatienda.cl\/Home\/index.php\/catas\/","title":{"rendered":"Catas y Eventos"},"content":{"rendered":"<h2>Catas<\/h2>\n<h6><strong><span style=\"color: #ff0000;\">\u2022 Por razones sanitarias por COVID 19, las catas y actividades se encuentran suspendidas hasta nuevo aviso.<\/span><\/strong><\/h6>\n<p>Nuestra tradici\u00f3n en estos a\u00f1os de funcionamiento son las catas\u00a0semanales que realizamos en la misma tienda, con el objetivo de que\u00a0nuestros clientes, amigos, aficionados al vino y cualquier persona,\u00a0pueda conocer las diferentes propuestas y productos que tenemos en\u00a0nuestro local.<\/p>\n<p>De esta manera podemos acercarnos a las vi\u00f1as y sus creadores,\u00a0conocer la historia tras cada vino y las personas que involucra su\u00a0producci\u00f3n. De esta manera tambi\u00e9n podemos expandir la cultura<br \/>\ndel vino, aportar al conocimiento gastron\u00f3mico y ampliar el paladar\u00a0de quienes vienen a nosotros buscando sabores y novedades.<\/p>\n<h4>No se trata s\u00f3lo de una compra &#8211; venta, sino que queremos\u00a0transmitir una experiencia, relacionada a este patrimonio\u00a0gastron\u00f3mico que tenemos en nuestro pa\u00eds.<\/h4>\n<p>Reunimos a las personas en un ambiente alegre y relajado, donde\u00a0aprendemos y degustamos buen vino acompa\u00f1ado de diferentes\u00a0maridajes y sorpresas.<\/p>\n<p><a title=\"Cata con Cot\u00f3 Ubilla y vi\u00f1a Cavas Laderas del Bio bio\" href=\"https:\/\/www.flickr.com\/photos\/rukaantu\/albums\/72157688089165991\" data-flickr-embed=\"true\"><img loading=\"lazy\" src=\"https:\/\/farm5.staticflickr.com\/4581\/38158034986_d1bde45710.jpg\" alt=\"Cata con Cot\u00f3 Ubilla y vi\u00f1a Cavas Laderas del Bio bio\" width=\"600\" height=\"350\" \/><\/a><\/p>\n<h2>Eventos<\/h2>\n<p>Con el objetivo de acercar a todas las personas al mundo del vino, realizamos eventos abiertos y cerrados. Adem\u00e1s de las catas ya mencionadas, el <strong>2016<\/strong> gestionamos la <strong>Expowine \u201cCopas &amp; Gourmet\u201d<\/strong> en SurActivo (Concepci\u00f3n), con m\u00e1s de 1.000 participantes.<\/p>\n<p>En la ocasi\u00f3n tuvimos una variedad de vi\u00f1as y exponentes del mundo gastron\u00f3mico, adem\u00e1s de m\u00fasica, charlas,\u00a0exposiciones y degustaci\u00f3n de todos los productos.<\/p>\n<p>Tambi\u00e9n ofrecemos <strong>catas privadas, celebraciones de\u00a0empresas, cumplea\u00f1os<\/strong> y m\u00e1s, a grupos de m\u00ednimo 10 personas.<\/p>\n<p><iframe src=\"https:\/\/www.youtube.com\/embed\/oCCQ20PUnAA?rel=0&amp;start=76\" width=\"560\" height=\"315\" frameborder=\"0\" allowfullscreen=\"allowfullscreen\"><\/iframe><\/p>\n","protected":false},"excerpt":{"rendered":"<p>Catas \u2022 Por razones sanitarias por COVID 19, las catas y actividades se encuentran suspendidas hasta nuevo aviso. Nuestra tradici\u00f3n en estos a\u00f1os de funcionamiento son las catas\u00a0semanales que realizamos en la misma tienda, con el objetivo de que\u00a0nuestros clientes, amigos, aficionados al vino y cualquier persona,\u00a0pueda conocer las diferentes propuestas y productos que tenemos [&hellip;]<\/p>\n","protected":false},"author":1,"featured_media":0,"parent":0,"menu_order":0,"comment_status":"closed","ping_status":"closed","template":"","meta":[],"yoast_head":"<!-- This site is optimized with the Yoast SEO plugin v15.5 - https:\/\/yoast.com\/wordpress\/plugins\/seo\/ -->\n<title>Catas y Eventos - Santa Tienda<\/title>\n<meta name=\"robots\" content=\"index, follow, max-snippet:-1, max-image-preview:large, max-video-preview:-1\" \/>\n<link rel=\"canonical\" href=\"https:\/\/santatienda.cl\/Home\/index.php\/catas\/\" \/>\n<meta property=\"og:locale\" content=\"es_ES\" \/>\n<meta property=\"og:type\" content=\"article\" \/>\n<meta property=\"og:title\" content=\"Catas y Eventos - Santa Tienda\" \/>\n<meta property=\"og:description\" content=\"Catas \u2022 Por razones sanitarias por COVID 19, las catas y actividades se encuentran suspendidas hasta nuevo aviso. Nuestra tradici\u00f3n en estos a\u00f1os de funcionamiento son las catas\u00a0semanales que realizamos en la misma tienda, con el objetivo de que\u00a0nuestros clientes, amigos, aficionados al vino y cualquier persona,\u00a0pueda conocer las diferentes propuestas y productos que tenemos [&hellip;]\" \/>\n<meta property=\"og:url\" content=\"https:\/\/santatienda.cl\/Home\/index.php\/catas\/\" \/>\n<meta property=\"og:site_name\" content=\"Santa Tienda\" \/>\n<meta property=\"article:modified_time\" content=\"2020-10-05T17:15:37+00:00\" \/>\n<meta property=\"og:image\" content=\"https:\/\/farm5.staticflickr.com\/4581\/38158034986_d1bde45710.jpg\" \/>\n<meta name=\"twitter:card\" content=\"summary_large_image\" \/>\n<meta name=\"twitter:label1\" content=\"Est. reading time\">\n\t<meta name=\"twitter:data1\" content=\"1 minuto\">\n<script type=\"application\/ld+json\" class=\"yoast-schema-graph\">{\"@context\":\"https:\/\/schema.org\",\"@graph\":[{\"@type\":\"WebSite\",\"@id\":\"https:\/\/santatienda.cl\/Home\/#website\",\"url\":\"https:\/\/santatienda.cl\/Home\/\",\"name\":\"Santa Tienda\",\"description\":\"Tienda &amp; Delivery | PARA\\u00cdSO GOURMET\",\"potentialAction\":[{\"@type\":\"SearchAction\",\"target\":\"https:\/\/santatienda.cl\/Home\/?s={search_term_string}\",\"query-input\":\"required name=search_term_string\"}],\"inLanguage\":\"es-CL\"},{\"@type\":\"ImageObject\",\"@id\":\"https:\/\/santatienda.cl\/Home\/index.php\/catas\/#primaryimage\",\"inLanguage\":\"es-CL\",\"url\":\"https:\/\/farm5.staticflickr.com\/4581\/38158034986_d1bde45710.jpg\"},{\"@type\":\"WebPage\",\"@id\":\"https:\/\/santatienda.cl\/Home\/index.php\/catas\/#webpage\",\"url\":\"https:\/\/santatienda.cl\/Home\/index.php\/catas\/\",\"name\":\"Catas y Eventos - Santa Tienda\",\"isPartOf\":{\"@id\":\"https:\/\/santatienda.cl\/Home\/#website\"},\"primaryImageOfPage\":{\"@id\":\"https:\/\/santatienda.cl\/Home\/index.php\/catas\/#primaryimage\"},\"datePublished\":\"2017-08-24T04:09:01+00:00\",\"dateModified\":\"2020-10-05T17:15:37+00:00\",\"inLanguage\":\"es-CL\",\"potentialAction\":[{\"@type\":\"ReadAction\",\"target\":[\"https:\/\/santatienda.cl\/Home\/index.php\/catas\/\"]}]}]}<\/script>\n<!-- \/ Yoast SEO plugin. -->","_links":{"self":[{"href":"https:\/\/santatienda.cl\/Home\/index.php\/wp-json\/wp\/v2\/pages\/36"}],"collection":[{"href":"https:\/\/santatienda.cl\/Home\/index.php\/wp-json\/wp\/v2\/pages"}],"about":[{"href":"https:\/\/santatienda.cl\/Home\/index.php\/wp-json\/wp\/v2\/types\/page"}],"author":[{"embeddable":true,"href":"https:\/\/santatienda.cl\/Home\/index.php\/wp-json\/wp\/v2\/users\/1"}],"replies":[{"embeddable":true,"href":"https:\/\/santatienda.cl\/Home\/index.php\/wp-json\/wp\/v2\/comments?post=36"}],"version-history":[{"count":27,"href":"https:\/\/santatienda.cl\/Home\/index.php\/wp-json\/wp\/v2\/pages\/36\/revisions"}],"predecessor-version":[{"id":535,"href":"https:\/\/santatienda.cl\/Home\/index.php\/wp-json\/wp\/v2\/pages\/36\/revisions\/535"}],"wp:attachment":[{"href":"https:\/\/santatienda.cl\/Home\/index.php\/wp-json\/wp\/v2\/media?parent=36"}],"curies":[{"name":"wp","href":"https:\/\/api.w.org\/{rel}","templated":true}]}}