{"id":30,"date":"2017-08-24T04:08:23","date_gmt":"2017-08-24T04:08:23","guid":{"rendered":"http:\/\/santatienda.cl\/Home\/?page_id=30"},"modified":"2020-07-11T17:21:25","modified_gmt":"2020-07-11T17:21:25","slug":"galeria","status":"publish","type":"page","link":"https:\/\/santatienda.cl\/Home\/index.php\/galeria\/","title":{"rendered":"Galeria"},"content":{"rendered":"<p><a href=\"http:\/\/santatienda.cl\/Home\/wp-content\/uploads\/2017\/08\/37435452504_a5ab57e4d1_o.jpg\"><img loading=\"lazy\" class=\"alignnone wp-image-332 size-large\" src=\"http:\/\/santatienda.cl\/Home\/wp-content\/uploads\/2017\/08\/37435452504_a5ab57e4d1_o-1024x684.jpg\" alt=\"\" width=\"620\" height=\"414\" srcset=\"https:\/\/santatienda.cl\/Home\/wp-content\/uploads\/2017\/08\/37435452504_a5ab57e4d1_o-1024x684.jpg 1024w, https:\/\/santatienda.cl\/Home\/wp-content\/uploads\/2017\/08\/37435452504_a5ab57e4d1_o-300x200.jpg 300w, https:\/\/santatienda.cl\/Home\/wp-content\/uploads\/2017\/08\/37435452504_a5ab57e4d1_o-768x513.jpg 768w, https:\/\/santatienda.cl\/Home\/wp-content\/uploads\/2017\/08\/37435452504_a5ab57e4d1_o-150x100.jpg 150w, https:\/\/santatienda.cl\/Home\/wp-content\/uploads\/2017\/08\/37435452504_a5ab57e4d1_o-200x133.jpg 200w, https:\/\/santatienda.cl\/Home\/wp-content\/uploads\/2017\/08\/37435452504_a5ab57e4d1_o-250x166.jpg 250w, https:\/\/santatienda.cl\/Home\/wp-content\/uploads\/2017\/08\/37435452504_a5ab57e4d1_o.jpg 2048w\" sizes=\"(max-width: 620px) 100vw, 620px\" \/><\/a><\/p>\n<h5><a href=\"https:\/\/www.facebook.com\/pg\/santatiendalocal\/photos\/?tab=album&amp;album_id=2315387568748697\" target=\"_blank\" rel=\"noopener\">25-04-19, Riveras del Chill\u00e1n: Malbec y Cepa Pa\u00eds<\/a><\/h5>\n<h5><a href=\"https:\/\/www.facebook.com\/pg\/santatiendalocal\/photos\/?tab=album&amp;album_id=2301370446817076\" target=\"_blank\" rel=\"noopener\">17-04-19, Pan y Vino: Cata de Semana Santa<\/a><\/h5>\n<h5><a href=\"https:\/\/www.facebook.com\/pg\/santatiendalocal\/photos\/?tab=album&amp;album_id=2251385451815576\" target=\"_blank\" rel=\"noopener\">31-01-19, Celebraci\u00f3n 3\u00b0 Aniversario Santa Tienda | Parte 2<\/a><\/h5>\n<h5><a href=\"https:\/\/www.facebook.com\/pg\/santatiendalocal\/photos\/?tab=album&amp;album_id=2250545141899607\" target=\"_blank\" rel=\"noopener\">31-01-19, Celebraci\u00f3n 3\u00b0 Aniversario Santa Tienda | Parte 1<\/a><\/h5>\n<h5><a href=\"https:\/\/www.facebook.com\/pg\/santatiendalocal\/photos\/?tab=album&amp;album_id=2244278145859640\" target=\"_blank\" rel=\"noopener\">17-01-19, Cata de Vino Premium: Vi\u00f1a P\u00e9rez Cruz<\/a><\/h5>\n<h5><a href=\"https:\/\/www.facebook.com\/pg\/santatiendalocal\/photos\/?tab=album&amp;album_id=2225584387729016\" target=\"_blank\" rel=\"noopener\">21-12-18, Noche de Cordero y Vino<\/a><\/h5>\n<h5><a href=\"https:\/\/www.facebook.com\/pg\/santatiendalocal\/photos\/?tab=album&amp;album_id=2201807213440067\" target=\"_blank\" rel=\"noopener\">15-11-18, Vinos de Portugal<\/a><\/h5>\n<h5><a href=\"https:\/\/www.facebook.com\/pg\/santatiendalocal\/photos\/?tab=album&amp;album_id=2185534611733994\" target=\"_blank\" rel=\"noopener\">18-10-18, Noche de Carignan<\/a><\/h5>\n<h5><a href=\"https:\/\/www.facebook.com\/pg\/santatiendalocal\/photos\/?tab=album&amp;album_id=2171717613115694\" target=\"_blank\" rel=\"noopener\">27-09-18, Cata de Vino Jard\u00faa<\/a><\/h5>\n<h5><a href=\"https:\/\/www.facebook.com\/pg\/santatiendalocal\/photos\/?tab=album&amp;album_id=2158851521068970\" target=\"_blank\" rel=\"noopener\">04-09-18, Celebraci\u00f3n D\u00eda Nacional del Vino<\/a><\/h5>\n<h5><a href=\"https:\/\/www.facebook.com\/pg\/santatiendalocal\/photos\/?tab=album&amp;album_id=2142230309397758\" target=\"_blank\" rel=\"noopener\">09-08-18, Cata de Vino \u00d1ipanto<\/a><\/h5>\n<h5><a href=\"https:\/\/www.facebook.com\/pg\/santatiendalocal\/photos\/?tab=album&amp;album_id=2131441253809997\" target=\"_blank\" rel=\"noopener\">02-08-18, Degustaci\u00f3n Tr\u00e4-k\u00e1l<\/a><\/h5>\n<div>\n<div class=\"_3ets\">\n<h5><a href=\"https:\/\/www.facebook.com\/pg\/santatiendalocal\/photos\/?tab=album&amp;album_id=2123885871232202\" target=\"_blank\" rel=\"noopener\">26-07-18, Cata de Vino Corral Victoria &amp; Cerdo al Palo<\/a><\/h5>\n<\/div>\n<\/div>\n<div class=\"_3ets\">\n<h5><a href=\"https:\/\/www.facebook.com\/1667281916892602\/photos\/?tab=album&amp;album_id=2116111198676336\" target=\"_blank\" rel=\"noopener\">19-07-18, Cata de Vino Pandolfi Price<\/a><\/h5>\n<div>\n<div class=\"_3ets\">\n<h5 class=\"_3etw\"><a href=\"https:\/\/www.facebook.com\/pg\/santatiendalocal\/photos\/?tab=album&amp;album_id=2107214502899339\" target=\"_blank\" rel=\"noopener\">12-07-18, Cata de Cerveza Delirium<\/a><\/h5>\n<\/div>\n<\/div>\n<h5><a href=\"https:\/\/www.facebook.com\/pg\/santatiendalocal\/photos\/?tab=album&amp;album_id=2088145191472937\" target=\"_blank\" rel=\"noopener\">21-06-18, Cata de Vino Lof con Cordero Magall\u00e1nico<\/a><\/h5>\n<h5><a href=\"https:\/\/www.facebook.com\/1667281916892602\/photos\/?tab=album&amp;album_id=2078474175773372\" target=\"_blank\" rel=\"noopener\">14-06-18, Cata de Vino Rank\u00fcl<\/a><\/h5>\n<h5><a href=\"https:\/\/www.facebook.com\/pg\/santatiendalocal\/photos\/?tab=album&amp;album_id=2075298232757633\" target=\"_blank\" rel=\"noopener\">08-06-18, Cata de Vino: Nerkihue<\/a><\/h5>\n<h5><a href=\"https:\/\/www.facebook.com\/pg\/santatiendalocal\/photos\/?tab=album&amp;album_id=2066681400285983\" target=\"_blank\" rel=\"noopener\">25-05-18, Degustaci\u00f3n de Vinos<\/a><\/h5>\n<h5><a href=\"https:\/\/www.facebook.com\/pg\/santatiendalocal\/photos\/?tab=album&amp;album_id=2060435344243922\" target=\"_blank\" rel=\"noopener\">11-05-18, Cocina y Vino<\/a><\/h5>\n<h5><a href=\"https:\/\/www.facebook.com\/pg\/santatiendalocal\/photos\/?tab=album&amp;album_id=2057954274492029\" target=\"_blank\" rel=\"noopener\">03-05-18, Cata de Vino P\u00e9rez Cruz<\/a><\/h5>\n<h5><a href=\"https:\/\/www.facebook.com\/pg\/santatiendalocal\/photos\/?tab=album&amp;album_id=2053650441589079\" target=\"_blank\" rel=\"noopener\">27-04-18, Cata Cavas Laderas del Bio &#8211; Bio<\/a><\/h5>\n<h5><a href=\"https:\/\/www.facebook.com\/pg\/santatiendalocal\/photos\/?tab=album&amp;album_id=2049788698641920\" target=\"_blank\" rel=\"noopener\">20-04-18, Noche de Espumante<\/a><\/h5>\n<h5><a href=\"https:\/\/www.facebook.com\/pg\/santatiendalocal\/photos\/?tab=album&amp;album_id=2044484329172357\" target=\"_blank\" rel=\"noopener\">06-04-18, Cata de Cerveza Delirium<\/a><\/h5>\n<h5><a href=\"https:\/\/www.facebook.com\/pg\/santatiendalocal\/photos\/?tab=album&amp;album_id=2036043243349799\" target=\"_blank\" rel=\"noopener\">23-03-18, Noche de Cordero y Vino<\/a><\/h5>\n<h5><a href=\"https:\/\/www.facebook.com\/pg\/santatiendalocal\/photos\/?tab=album&amp;album_id=2032993320321458\" target=\"_blank\" rel=\"noopener\">16-03-18, Cata de Vinos: Korta<\/a><\/h5>\n<h5><a href=\"https:\/\/www.facebook.com\/pg\/santatiendalocal\/photos\/?tab=album&amp;album_id=2028869827400474\" target=\"_blank\" rel=\"noopener\">08-03-18, Cata de Vino P.S.Garc\u00eda<\/a><\/h5>\n<h5><a href=\"https:\/\/www.facebook.com\/pg\/santatiendalocal\/photos\/?tab=album&amp;album_id=2024542724499851\" target=\"_blank\" rel=\"noopener\">02-03-18, Cata de Vino Las Veletas<\/a><\/h5>\n<h5><a href=\"https:\/\/www.facebook.com\/pg\/santatiendalocal\/photos\/?tab=album&amp;album_id=2020882598199197\" target=\"_blank\" rel=\"noopener\">22-02-18, Cata de Vino Catrala &amp; Parrilla<\/a><\/h5>\n<h5><a href=\"https:\/\/www.facebook.com\/pg\/santatiendalocal\/photos\/?tab=album&amp;album_id=2013435138943943\" target=\"_blank\" rel=\"noopener\">05-02-18, Cata de Espumante: RUI &amp; Stand Up Comedy Cot\u00f3 Ubilla<\/a><\/h5>\n<h5><a href=\"https:\/\/www.facebook.com\/pg\/santatiendalocal\/photos\/?tab=album&amp;album_id=2009647342656056\" target=\"_blank\" rel=\"noopener\">01-02-18, Gran Noche Espa\u00f1ola<\/a><\/h5>\n<h5><a href=\"https:\/\/www.facebook.com\/pg\/santatiendalocal\/photos\/?tab=album&amp;album_id=2007092052911585\" target=\"_blank\" rel=\"noopener\">26-01-18, Celebraci\u00f3n Aniversario N\u00b02 Santa Tienda<\/a><\/h5>\n<h5><a href=\"https:\/\/www.facebook.com\/pg\/santatiendalocal\/photos\/?tab=album&amp;album_id=2002360450051412\" target=\"_blank\" rel=\"noopener\">18-01-07, Cata de Vinos 3 monos<\/a><\/h5>\n<h5><a href=\"https:\/\/www.facebook.com\/pg\/santatiendalocal\/photos\/?tab=album&amp;album_id=2000019943618796\" target=\"_blank\" rel=\"noopener\">11-01-18, Degustaci\u00f3n de Vinos<\/a><\/h5>\n<\/div>\n","protected":false},"excerpt":{"rendered":"<p>25-04-19, Riveras del Chill\u00e1n: Malbec y Cepa Pa\u00eds 17-04-19, Pan y Vino: Cata de Semana Santa 31-01-19, Celebraci\u00f3n 3\u00b0 Aniversario Santa Tienda | Parte 2 31-01-19, Celebraci\u00f3n 3\u00b0 Aniversario Santa Tienda | Parte 1 17-01-19, Cata de Vino Premium: Vi\u00f1a P\u00e9rez Cruz 21-12-18, Noche de Cordero y Vino 15-11-18, Vinos de Portugal 18-10-18, Noche de [&hellip;]<\/p>\n","protected":false},"author":1,"featured_media":0,"parent":0,"menu_order":0,"comment_status":"closed","ping_status":"closed","template":"","meta":[],"yoast_head":"<!-- This site is optimized with the Yoast SEO plugin v15.5 - https:\/\/yoast.com\/wordpress\/plugins\/seo\/ -->\n<title>Galeria - Santa Tienda<\/title>\n<meta name=\"robots\" content=\"index, follow, max-snippet:-1, max-image-preview:large, max-video-preview:-1\" \/>\n<link rel=\"canonical\" href=\"https:\/\/santatienda.cl\/Home\/index.php\/galeria\/\" \/>\n<meta property=\"og:locale\" content=\"es_ES\" \/>\n<meta property=\"og:type\" content=\"article\" \/>\n<meta property=\"og:title\" content=\"Galeria - Santa Tienda\" \/>\n<meta property=\"og:description\" content=\"25-04-19, Riveras del Chill\u00e1n: Malbec y Cepa Pa\u00eds 17-04-19, Pan y Vino: Cata de Semana Santa 31-01-19, Celebraci\u00f3n 3\u00b0 Aniversario Santa Tienda | Parte 2 31-01-19, Celebraci\u00f3n 3\u00b0 Aniversario Santa Tienda | Parte 1 17-01-19, Cata de Vino Premium: Vi\u00f1a P\u00e9rez Cruz 21-12-18, Noche de Cordero y Vino 15-11-18, Vinos de Portugal 18-10-18, Noche de [&hellip;]\" \/>\n<meta property=\"og:url\" content=\"https:\/\/santatienda.cl\/Home\/index.php\/galeria\/\" \/>\n<meta property=\"og:site_name\" content=\"Santa Tienda\" \/>\n<meta property=\"article:modified_time\" content=\"2020-07-11T17:21:25+00:00\" \/>\n<meta property=\"og:image\" content=\"http:\/\/santatienda.cl\/Home\/wp-content\/uploads\/2017\/08\/37435452504_a5ab57e4d1_o-1024x684.jpg\" \/>\n<meta name=\"twitter:card\" content=\"summary_large_image\" \/>\n<meta name=\"twitter:label1\" content=\"Est. reading time\">\n\t<meta name=\"twitter:data1\" content=\"1 minuto\">\n<script type=\"application\/ld+json\" class=\"yoast-schema-graph\">{\"@context\":\"https:\/\/schema.org\",\"@graph\":[{\"@type\":\"WebSite\",\"@id\":\"https:\/\/santatienda.cl\/Home\/#website\",\"url\":\"https:\/\/santatienda.cl\/Home\/\",\"name\":\"Santa Tienda\",\"description\":\"Tienda &amp; Delivery | PARA\\u00cdSO GOURMET\",\"potentialAction\":[{\"@type\":\"SearchAction\",\"target\":\"https:\/\/santatienda.cl\/Home\/?s={search_term_string}\",\"query-input\":\"required name=search_term_string\"}],\"inLanguage\":\"es-CL\"},{\"@type\":\"ImageObject\",\"@id\":\"https:\/\/santatienda.cl\/Home\/index.php\/galeria\/#primaryimage\",\"inLanguage\":\"es-CL\",\"url\":\"http:\/\/santatienda.cl\/Home\/wp-content\/uploads\/2017\/08\/37435452504_a5ab57e4d1_o-1024x684.jpg\"},{\"@type\":\"WebPage\",\"@id\":\"https:\/\/santatienda.cl\/Home\/index.php\/galeria\/#webpage\",\"url\":\"https:\/\/santatienda.cl\/Home\/index.php\/galeria\/\",\"name\":\"Galeria - Santa Tienda\",\"isPartOf\":{\"@id\":\"https:\/\/santatienda.cl\/Home\/#website\"},\"primaryImageOfPage\":{\"@id\":\"https:\/\/santatienda.cl\/Home\/index.php\/galeria\/#primaryimage\"},\"datePublished\":\"2017-08-24T04:08:23+00:00\",\"dateModified\":\"2020-07-11T17:21:25+00:00\",\"inLanguage\":\"es-CL\",\"potentialAction\":[{\"@type\":\"ReadAction\",\"target\":[\"https:\/\/santatienda.cl\/Home\/index.php\/galeria\/\"]}]}]}<\/script>\n<!-- \/ Yoast SEO plugin. -->","_links":{"self":[{"href":"https:\/\/santatienda.cl\/Home\/index.php\/wp-json\/wp\/v2\/pages\/30"}],"collection":[{"href":"https:\/\/santatienda.cl\/Home\/index.php\/wp-json\/wp\/v2\/pages"}],"about":[{"href":"https:\/\/santatienda.cl\/Home\/index.php\/wp-json\/wp\/v2\/types\/page"}],"author":[{"embeddable":true,"href":"https:\/\/santatienda.cl\/Home\/index.php\/wp-json\/wp\/v2\/users\/1"}],"replies":[{"embeddable":true,"href":"https:\/\/santatienda.cl\/Home\/index.php\/wp-json\/wp\/v2\/comments?post=30"}],"version-history":[{"count":15,"href":"https:\/\/santatienda.cl\/Home\/index.php\/wp-json\/wp\/v2\/pages\/30\/revisions"}],"predecessor-version":[{"id":471,"href":"https:\/\/santatienda.cl\/Home\/index.php\/wp-json\/wp\/v2\/pages\/30\/revisions\/471"}],"wp:attachment":[{"href":"https:\/\/santatienda.cl\/Home\/index.php\/wp-json\/wp\/v2\/media?parent=30"}],"curies":[{"name":"wp","href":"https:\/\/api.w.org\/{rel}","templated":true}]}}