{"id":25,"date":"2017-08-24T04:05:59","date_gmt":"2017-08-24T04:05:59","guid":{"rendered":"http:\/\/santatienda.cl\/Home\/?page_id=25"},"modified":"2020-08-03T22:30:15","modified_gmt":"2020-08-03T22:30:15","slug":"nosotros","status":"publish","type":"page","link":"https:\/\/santatienda.cl\/Home\/index.php\/nosotros\/","title":{"rendered":"Nosotros"},"content":{"rendered":"<p><a href=\"http:\/\/santatienda.cl\/Home\/wp-content\/uploads\/2017\/08\/tiendaST.jpg\"><img loading=\"lazy\" class=\"alignnone size-full wp-image-461\" src=\"http:\/\/santatienda.cl\/Home\/wp-content\/uploads\/2017\/08\/tiendaST.jpg\" alt=\"\" width=\"1500\" height=\"848\" srcset=\"https:\/\/santatienda.cl\/Home\/wp-content\/uploads\/2017\/08\/tiendaST.jpg 1500w, https:\/\/santatienda.cl\/Home\/wp-content\/uploads\/2017\/08\/tiendaST-300x170.jpg 300w, https:\/\/santatienda.cl\/Home\/wp-content\/uploads\/2017\/08\/tiendaST-768x434.jpg 768w, https:\/\/santatienda.cl\/Home\/wp-content\/uploads\/2017\/08\/tiendaST-1024x579.jpg 1024w\" sizes=\"(max-width: 1500px) 100vw, 1500px\" \/><\/a><\/p>\n<h3>Para\u00edso gourmet. Vinos, salsas y regalos. Una infinidad de productos tanto para\u00a0degustar, como para compartir.<\/h3>\n<p>Santa Tienda es un negocio familiar\u00a0fundado el 2016 por Nury Gahona , quien\u00a0junto a su pareja Daniel Rojo e incluso su\u00a0hijo han partido de cero con una idea\u00a0original centrada en la difusi\u00f3n de los\u00a0productos vitivin\u00edcolas del pa\u00eds.<br \/>\nUbicados en San Pedro de la Paz, a trav\u00e9s de\u00a0los a\u00f1os nos hemos enfocado en dar a\u00a0conocer el trabajo de vi\u00f1as locales y\u00a0productos gourmet, todo con un enfoque\u00a0nacional, primordialmente en lo que proviene\u00a0del Valle del Itata.<br \/>\nComenzamos en el sector de Huertos Familiares y hoy hemos ampliado nuestro tama\u00f1o original, en Los Canelos\u00a070, desde donde compartimos nuestra selecci\u00f3n de delicias, as\u00ed como amenas catas y eventos sociales.<\/p>\n<p>Santa Tienda nace a ra\u00edz de un gusto y necesidad personal de\u00a0querer descubrir nuevos sabores y tambi\u00e9n poder\u00a0compartirlos.<br \/>\nPretendemos acercar esto a la gente, y concentrando lo m\u00e1s\u00a0novedoso y sabroso del pa\u00eds en un mismo lugar, en pleno\u00a0Regi\u00f3n del B\u00edobio.<br \/>\nNos concentramos en dar vitrina y elevar el producto local,\u00a0a los peque\u00f1os productores e independientes, fortalecer la\u00a0cultura de comer y beber aquello que nos ofrece Chile , lo que nos hace diferentes que hay pocos como nosotros en la VIII\u00a0Regi\u00f3n. A la vez, nos importa ser un aporte desde el desarrollo\u00a0del enoturismo, fortaleciendo redes que permitan la\u00a0colaboratividad desde este \u00e1mbito.<br \/>\nNos planteamos como un referente como\u00a0tienda gourmet, especializada y dedicada a los vinos chilenos,\u00a0dando espacio y generando alianzas para que los chilenos\u00a0vayan educ\u00e1ndose sobre los frutos de nuestro pa\u00eds, creando una\u00a0nueva tradici\u00f3n y educando sobre la producci\u00f3n local de\u00a0emprendedores.<\/p>\n<h2>Nuestros ejes: vi\u00f1as locales, alimentos exclusivos, catas, eventos,\u00a0cenas y regalos corporativos, enoturismo<\/h2>\n<h3 class=\"m_6202726072773316446yiv0955918349gmail_default\"><b>Misi\u00f3n<\/b><\/h3>\n<blockquote>\n<p class=\"m_6202726072773316446yiv0955918349gmail_default\">Santa Tienda nace a ra\u00edz de un gusto y necesidad personal de querer tanto descubrir nuevos sabores y productos locales, como tambi\u00e9n poder compartirlos. Es un negocio familiar que pretende acercar esto a la gente, y concentrando lo m\u00e1s novedoso y\u00a0sabroso<b>\u00a0<\/b>del pa\u00eds en un mismo lugar, en pleno San Pedro de la Paz.<\/p>\n<p class=\"m_6202726072773316446yiv0955918349gmail_default\">Dirigido y creado por Nury Gahona, nos concentramos en dar vitrina y potenciar el producto local, a los peque\u00f1os productores e independientes, fortalecer la cultura de comer y beber aquello que nos ofrece Chile, lo que nos hace diferentes que hay pocos como nosotros en la VIII Regi\u00f3n.<\/p>\n<\/blockquote>\n<h3 class=\"m_6202726072773316446yiv0955918349gmail_default\"><b>Visi\u00f3n<\/b><\/h3>\n<blockquote>\n<p class=\"m_6202726072773316446yiv0955918349gmail_default\">Pretendemos hacer esto realidad en San Pedro de la Paz, Concepci\u00f3n, y expandirlo en la regi\u00f3n a trav\u00e9s de la asociatividad, las redes colaborativas de trabajo en comunidad con otros trabajadores del Valle del Itata y otros puntos de producci\u00f3n del pa\u00eds.<\/p>\n<p class=\"m_6202726072773316446yiv0955918349gmail_default\">Nos planteamos como un referente como tienda\u00a0<i>gourmet,\u00a0<\/i>especializada y dedicada a los vinos chilenos, dando una vitrina y generando alianzas para que de a poco, los chilenos vayan educ\u00e1ndose sobre los\u00a0<i>frutos de nuestro pa\u00eds,\u00a0<\/i>creando una nueva tradici\u00f3n y educando sobre la producci\u00f3n local de emprendedores.<\/p>\n<\/blockquote>\n<p><a href=\"http:\/\/santatienda.cl\/Home\/wp-content\/uploads\/2017\/08\/santa-tienda-30-01-2020-75-1.jpg\"><img loading=\"lazy\" class=\"alignnone size-full wp-image-506\" src=\"http:\/\/santatienda.cl\/Home\/wp-content\/uploads\/2017\/08\/santa-tienda-30-01-2020-75-1.jpg\" alt=\"\" width=\"1562\" height=\"712\" srcset=\"https:\/\/santatienda.cl\/Home\/wp-content\/uploads\/2017\/08\/santa-tienda-30-01-2020-75-1.jpg 1562w, https:\/\/santatienda.cl\/Home\/wp-content\/uploads\/2017\/08\/santa-tienda-30-01-2020-75-1-300x137.jpg 300w, https:\/\/santatienda.cl\/Home\/wp-content\/uploads\/2017\/08\/santa-tienda-30-01-2020-75-1-768x350.jpg 768w, https:\/\/santatienda.cl\/Home\/wp-content\/uploads\/2017\/08\/santa-tienda-30-01-2020-75-1-1024x467.jpg 1024w\" sizes=\"(max-width: 1562px) 100vw, 1562px\" \/><\/a><\/p>\n","protected":false},"excerpt":{"rendered":"<p>Para\u00edso gourmet. Vinos, salsas y regalos. Una infinidad de productos tanto para\u00a0degustar, como para compartir. Santa Tienda es un negocio familiar\u00a0fundado el 2016 por Nury Gahona , quien\u00a0junto a su pareja Daniel Rojo e incluso su\u00a0hijo han partido de cero con una idea\u00a0original centrada en la difusi\u00f3n de los\u00a0productos vitivin\u00edcolas del pa\u00eds. Ubicados en San [&hellip;]<\/p>\n","protected":false},"author":1,"featured_media":0,"parent":0,"menu_order":0,"comment_status":"closed","ping_status":"closed","template":"","meta":[],"yoast_head":"<!-- This site is optimized with the Yoast SEO plugin v15.5 - https:\/\/yoast.com\/wordpress\/plugins\/seo\/ -->\n<title>Nosotros - Santa Tienda<\/title>\n<meta name=\"robots\" content=\"index, follow, max-snippet:-1, max-image-preview:large, max-video-preview:-1\" \/>\n<link rel=\"canonical\" href=\"https:\/\/santatienda.cl\/Home\/index.php\/nosotros\/\" \/>\n<meta property=\"og:locale\" content=\"es_ES\" \/>\n<meta property=\"og:type\" content=\"article\" \/>\n<meta property=\"og:title\" content=\"Nosotros - Santa Tienda\" \/>\n<meta property=\"og:description\" content=\"Para\u00edso gourmet. Vinos, salsas y regalos. Una infinidad de productos tanto para\u00a0degustar, como para compartir. Santa Tienda es un negocio familiar\u00a0fundado el 2016 por Nury Gahona , quien\u00a0junto a su pareja Daniel Rojo e incluso su\u00a0hijo han partido de cero con una idea\u00a0original centrada en la difusi\u00f3n de los\u00a0productos vitivin\u00edcolas del pa\u00eds. Ubicados en San [&hellip;]\" \/>\n<meta property=\"og:url\" content=\"https:\/\/santatienda.cl\/Home\/index.php\/nosotros\/\" \/>\n<meta property=\"og:site_name\" content=\"Santa Tienda\" \/>\n<meta property=\"article:modified_time\" content=\"2020-08-03T22:30:15+00:00\" \/>\n<meta property=\"og:image\" content=\"http:\/\/santatienda.cl\/Home\/wp-content\/uploads\/2017\/08\/tiendaST.jpg\" \/>\n<meta name=\"twitter:card\" content=\"summary_large_image\" \/>\n<meta name=\"twitter:label1\" content=\"Est. reading time\">\n\t<meta name=\"twitter:data1\" content=\"2 minutos\">\n<script type=\"application\/ld+json\" class=\"yoast-schema-graph\">{\"@context\":\"https:\/\/schema.org\",\"@graph\":[{\"@type\":\"WebSite\",\"@id\":\"https:\/\/santatienda.cl\/Home\/#website\",\"url\":\"https:\/\/santatienda.cl\/Home\/\",\"name\":\"Santa Tienda\",\"description\":\"Tienda &amp; Delivery | PARA\\u00cdSO GOURMET\",\"potentialAction\":[{\"@type\":\"SearchAction\",\"target\":\"https:\/\/santatienda.cl\/Home\/?s={search_term_string}\",\"query-input\":\"required name=search_term_string\"}],\"inLanguage\":\"es-CL\"},{\"@type\":\"ImageObject\",\"@id\":\"https:\/\/santatienda.cl\/Home\/index.php\/nosotros\/#primaryimage\",\"inLanguage\":\"es-CL\",\"url\":\"http:\/\/santatienda.cl\/Home\/wp-content\/uploads\/2017\/08\/tiendaST.jpg\"},{\"@type\":\"WebPage\",\"@id\":\"https:\/\/santatienda.cl\/Home\/index.php\/nosotros\/#webpage\",\"url\":\"https:\/\/santatienda.cl\/Home\/index.php\/nosotros\/\",\"name\":\"Nosotros - Santa Tienda\",\"isPartOf\":{\"@id\":\"https:\/\/santatienda.cl\/Home\/#website\"},\"primaryImageOfPage\":{\"@id\":\"https:\/\/santatienda.cl\/Home\/index.php\/nosotros\/#primaryimage\"},\"datePublished\":\"2017-08-24T04:05:59+00:00\",\"dateModified\":\"2020-08-03T22:30:15+00:00\",\"inLanguage\":\"es-CL\",\"potentialAction\":[{\"@type\":\"ReadAction\",\"target\":[\"https:\/\/santatienda.cl\/Home\/index.php\/nosotros\/\"]}]}]}<\/script>\n<!-- \/ Yoast SEO plugin. -->","_links":{"self":[{"href":"https:\/\/santatienda.cl\/Home\/index.php\/wp-json\/wp\/v2\/pages\/25"}],"collection":[{"href":"https:\/\/santatienda.cl\/Home\/index.php\/wp-json\/wp\/v2\/pages"}],"about":[{"href":"https:\/\/santatienda.cl\/Home\/index.php\/wp-json\/wp\/v2\/types\/page"}],"author":[{"embeddable":true,"href":"https:\/\/santatienda.cl\/Home\/index.php\/wp-json\/wp\/v2\/users\/1"}],"replies":[{"embeddable":true,"href":"https:\/\/santatienda.cl\/Home\/index.php\/wp-json\/wp\/v2\/comments?post=25"}],"version-history":[{"count":11,"href":"https:\/\/santatienda.cl\/Home\/index.php\/wp-json\/wp\/v2\/pages\/25\/revisions"}],"predecessor-version":[{"id":507,"href":"https:\/\/santatienda.cl\/Home\/index.php\/wp-json\/wp\/v2\/pages\/25\/revisions\/507"}],"wp:attachment":[{"href":"https:\/\/santatienda.cl\/Home\/index.php\/wp-json\/wp\/v2\/media?parent=25"}],"curies":[{"name":"wp","href":"https:\/\/api.w.org\/{rel}","templated":true}]}}