{"id":2,"date":"2017-08-24T01:51:53","date_gmt":"2017-08-24T01:51:53","guid":{"rendered":"http:\/\/santatienda.cl\/Home\/?page_id=2"},"modified":"2020-07-11T05:58:42","modified_gmt":"2020-07-11T05:58:42","slug":"sample-page","status":"publish","type":"page","link":"https:\/\/santatienda.cl\/Home\/","title":{"rendered":"SANTA TIENDA"},"content":{"rendered":"<h3 class=\"m_6202726072773316446yiv0955918349gmail_default\"><b>MISI\u00d3N<\/b><\/h3>\n<blockquote><p>Santa Tienda nace a ra\u00edz de un gusto y necesidad personal de querer tanto descubrir nuevos sabores y productos locales, como tambi\u00e9n poder compartirlos. Es un negocio familiar que pretende acercar esto a la gente, y concentrando lo m\u00e1s novedoso y sabroso del pa\u00eds en un mismo lugar, en pleno San Pedro de la Paz.<\/p>\n<p>Dirigido y creado por Nury Gahona, nos concentramos en dar vitrina y potenciar el producto local, a los peque\u00f1os productores e independientes, fortalecer la cultura de comer y beber aquello que nos ofrece Chile, lo que nos hace diferentes que hay pocos como nosotros en la VIII Regi\u00f3n.<\/p><\/blockquote>\n<h3><strong>VISI\u00d3N<\/strong><\/h3>\n<blockquote><p>Pretendemos hacer esto realidad en San Pedro de la Paz, Concepci\u00f3n, y expandirlo en la regi\u00f3n a trav\u00e9s de la asociatividad, las redes colaborativas de trabajo en comunidad con otros trabajadores del Valle del Itata y otros puntos de producci\u00f3n del pa\u00eds.<\/p>\n<p>Nos planteamos como un referente como tienda gourmet, especializada y dedicada a los vinos chilenos, dando una vitrina y generando alianzas para que de a poco, los chilenos vayan educ\u00e1ndose sobre los frutos de nuestro pa\u00eds, creando una nueva tradici\u00f3n y educando sobre la producci\u00f3n local de emprendedores.<\/p><\/blockquote>\n","protected":false},"excerpt":{"rendered":"<p>MISI\u00d3N Santa Tienda nace a ra\u00edz de un gusto y necesidad personal de querer tanto descubrir nuevos sabores y productos locales, como tambi\u00e9n poder compartirlos. Es un negocio familiar que pretende acercar esto a la gente, y concentrando lo m\u00e1s novedoso y sabroso del pa\u00eds en un mismo lugar, en pleno San Pedro de la [&hellip;]<\/p>\n","protected":false},"author":1,"featured_media":0,"parent":0,"menu_order":0,"comment_status":"closed","ping_status":"open","template":"","meta":[],"yoast_head":"<!-- This site is optimized with the Yoast SEO plugin v15.5 - https:\/\/yoast.com\/wordpress\/plugins\/seo\/ -->\n<title>SANTA TIENDA - Santa Tienda<\/title>\n<meta name=\"robots\" content=\"index, follow, max-snippet:-1, max-image-preview:large, max-video-preview:-1\" \/>\n<link rel=\"canonical\" href=\"https:\/\/santatienda.cl\/Home\/\" \/>\n<meta property=\"og:locale\" content=\"es_ES\" \/>\n<meta property=\"og:type\" content=\"article\" \/>\n<meta property=\"og:title\" content=\"SANTA TIENDA - Santa Tienda\" \/>\n<meta property=\"og:description\" content=\"MISI\u00d3N Santa Tienda nace a ra\u00edz de un gusto y necesidad personal de querer tanto descubrir nuevos sabores y productos locales, como tambi\u00e9n poder compartirlos. Es un negocio familiar que pretende acercar esto a la gente, y concentrando lo m\u00e1s novedoso y sabroso del pa\u00eds en un mismo lugar, en pleno San Pedro de la [&hellip;]\" \/>\n<meta property=\"og:url\" content=\"https:\/\/santatienda.cl\/Home\/\" \/>\n<meta property=\"og:site_name\" content=\"Santa Tienda\" \/>\n<meta property=\"article:modified_time\" content=\"2020-07-11T05:58:42+00:00\" \/>\n<meta name=\"twitter:card\" content=\"summary_large_image\" \/>\n<meta name=\"twitter:label1\" content=\"Est. reading time\">\n\t<meta name=\"twitter:data1\" content=\"1 minuto\">\n<script type=\"application\/ld+json\" class=\"yoast-schema-graph\">{\"@context\":\"https:\/\/schema.org\",\"@graph\":[{\"@type\":\"WebSite\",\"@id\":\"https:\/\/santatienda.cl\/Home\/#website\",\"url\":\"https:\/\/santatienda.cl\/Home\/\",\"name\":\"Santa Tienda\",\"description\":\"Tienda &amp; Delivery | PARA\\u00cdSO GOURMET\",\"potentialAction\":[{\"@type\":\"SearchAction\",\"target\":\"https:\/\/santatienda.cl\/Home\/?s={search_term_string}\",\"query-input\":\"required name=search_term_string\"}],\"inLanguage\":\"es-CL\"},{\"@type\":\"WebPage\",\"@id\":\"https:\/\/santatienda.cl\/Home\/#webpage\",\"url\":\"https:\/\/santatienda.cl\/Home\/\",\"name\":\"SANTA TIENDA - Santa Tienda\",\"isPartOf\":{\"@id\":\"https:\/\/santatienda.cl\/Home\/#website\"},\"datePublished\":\"2017-08-24T01:51:53+00:00\",\"dateModified\":\"2020-07-11T05:58:42+00:00\",\"inLanguage\":\"es-CL\",\"potentialAction\":[{\"@type\":\"ReadAction\",\"target\":[\"https:\/\/santatienda.cl\/Home\/\"]}]}]}<\/script>\n<!-- \/ Yoast SEO plugin. -->","_links":{"self":[{"href":"https:\/\/santatienda.cl\/Home\/index.php\/wp-json\/wp\/v2\/pages\/2"}],"collection":[{"href":"https:\/\/santatienda.cl\/Home\/index.php\/wp-json\/wp\/v2\/pages"}],"about":[{"href":"https:\/\/santatienda.cl\/Home\/index.php\/wp-json\/wp\/v2\/types\/page"}],"author":[{"embeddable":true,"href":"https:\/\/santatienda.cl\/Home\/index.php\/wp-json\/wp\/v2\/users\/1"}],"replies":[{"embeddable":true,"href":"https:\/\/santatienda.cl\/Home\/index.php\/wp-json\/wp\/v2\/comments?post=2"}],"version-history":[{"count":3,"href":"https:\/\/santatienda.cl\/Home\/index.php\/wp-json\/wp\/v2\/pages\/2\/revisions"}],"predecessor-version":[{"id":456,"href":"https:\/\/santatienda.cl\/Home\/index.php\/wp-json\/wp\/v2\/pages\/2\/revisions\/456"}],"wp:attachment":[{"href":"https:\/\/santatienda.cl\/Home\/index.php\/wp-json\/wp\/v2\/media?parent=2"}],"curies":[{"name":"wp","href":"https:\/\/api.w.org\/{rel}","templated":true}]}}